{"id":9,"date":"2024-08-30T05:47:37","date_gmt":"2024-08-30T05:47:37","guid":{"rendered":"https:\/\/vesperroyale.com\/cart\/"},"modified":"2024-09-20T10:09:53","modified_gmt":"2024-09-20T08:09:53","slug":"cart","status":"publish","type":"page","link":"https:\/\/vesperroyale.com\/en\/cart\/","title":{"rendered":"Cart"},"content":{"rendered":"\t\t<div data-elementor-type=\"wp-page\" data-elementor-id=\"9\" class=\"elementor elementor-9\" data-elementor-post-type=\"page\">\n\t\t\t\t<div class=\"elementor-element elementor-element-70d5dac e-flex e-con-boxed e-con e-parent\" data-id=\"70d5dac\" data-element_type=\"container\" data-e-type=\"container\">\n\t\t\t\t\t<div class=\"e-con-inner\">\n\t\t\t\t\t<\/div>\n\t\t\t\t<\/div>\n\t\t\t\t<\/div>\n\t\t","protected":false},"excerpt":{"rendered":"<p>Remove item Thumbnail image Product Price Quantity Subtotal &times; V\u00e1s\u00e1rl\u00e1s teszt &euro;1 V\u00e1s\u00e1rl\u00e1s teszt quantity &euro;1 Cart Totals Subtotal &euro;1 Shipping Free shipping Shipping options will be updated during checkout. Calculate shipping Country \/ region: Select a country \/ region&hellip;AustriaBelgiumFranceGermanyHungaryIrelandItalyNetherlandsNorwayPortugalSlovakiaSloveniaSpainSwitzerlandUnited Kingdom (UK) State \/ County: Select an option&hellip;B\u00e1cs-KiskunB\u00e9k\u00e9sBaranyaBorsod-Aba\u00faj-Zempl\u00e9nBudapestCsongr\u00e1d-Csan\u00e1dFej\u00e9rGy\u0151r-Moson-SopronHajd\u00fa-BiharHevesJ\u00e1sz-Nagykun-SzolnokKom\u00e1rom-EsztergomN\u00f3gr\u00e1dPestSomogySzabolcs-Szatm\u00e1r-BeregTolnaVasVeszpr\u00e9mZala City: Postcode \/ ZIP: Update Total &euro;1 [&hellip;]<\/p>\n","protected":false},"author":1,"featured_media":0,"parent":0,"menu_order":0,"comment_status":"closed","ping_status":"closed","template":"","meta":{"footnotes":""},"class_list":["post-9","page","type-page","status-publish","hentry"],"_links":{"self":[{"href":"https:\/\/vesperroyale.com\/en\/wp-json\/wp\/v2\/pages\/9","targetHints":{"allow":["GET"]}}],"collection":[{"href":"https:\/\/vesperroyale.com\/en\/wp-json\/wp\/v2\/pages"}],"about":[{"href":"https:\/\/vesperroyale.com\/en\/wp-json\/wp\/v2\/types\/page"}],"author":[{"embeddable":true,"href":"https:\/\/vesperroyale.com\/en\/wp-json\/wp\/v2\/users\/1"}],"replies":[{"embeddable":true,"href":"https:\/\/vesperroyale.com\/en\/wp-json\/wp\/v2\/comments?post=9"}],"version-history":[{"count":26,"href":"https:\/\/vesperroyale.com\/en\/wp-json\/wp\/v2\/pages\/9\/revisions"}],"predecessor-version":[{"id":1399,"href":"https:\/\/vesperroyale.com\/en\/wp-json\/wp\/v2\/pages\/9\/revisions\/1399"}],"wp:attachment":[{"href":"https:\/\/vesperroyale.com\/en\/wp-json\/wp\/v2\/media?parent=9"}],"curies":[{"name":"wp","href":"https:\/\/api.w.org\/{rel}","templated":true}]}}