{"id":1603,"date":"2024-08-30T05:47:37","date_gmt":"2024-08-30T05:47:37","guid":{"rendered":"https:\/\/vesperroyale.com\/cart\/"},"modified":"2025-11-19T11:57:27","modified_gmt":"2025-11-19T09:57:27","slug":"kosar","status":"publish","type":"page","link":"https:\/\/vesperroyale.com\/en\/kosar\/","title":{"rendered":"Kos\u00e1r"},"content":{"rendered":"<p><!--open container--><br \/>\n\t\t\t\t\t\t\t<!--open column-1--><\/p>\n<form action=\"https:\/\/vesperroyale.com\/cart\/\" method=\"post\">\n\t\t\t\t\t\t<!--open shop table div --><\/p>\n<table cellspacing=\"0\">\n<thead>\n<tr>\n<th>Remove item<\/th>\n<th>Thumbnail image<\/th>\n<th>Product<\/th>\n<th>Price<\/th>\n<th>Quantity<\/th>\n<th>Subtotal<\/th>\n<\/tr>\n<\/thead>\n<tbody>\n<tr>\n<td>\n\t\t\t\t\t\t\t<a href=\"https:\/\/vesperroyale.com\/cart\/?remove_item=ad3019b856147c17e82a5bead782d2a8&#038;_wpnonce=241b2b6360\" aria-label=\"Remove V\u00e1s\u00e1rl\u00e1s teszt from cart\" data-product_id=\"1393\" data-product_sku=\"\">&times;<\/a>\t\t\t\t\t\t<\/td>\n<td>\n\t\t\t\t\t\t<a href=\"https:\/\/vesperroyale.com\/product\/vasarlas-teszt\/\"><img fetchpriority=\"high\" width=\"300\" height=\"300\" src=\"https:\/\/vesperroyale.com\/wp-content\/uploads\/woocommerce-placeholder-300x300.png\" alt=\"Placeholder\" decoding=\"async\" srcset=\"https:\/\/vesperroyale.com\/wp-content\/uploads\/woocommerce-placeholder-300x300.png 300w, https:\/\/vesperroyale.com\/wp-content\/uploads\/woocommerce-placeholder-100x100.png 100w, https:\/\/vesperroyale.com\/wp-content\/uploads\/woocommerce-placeholder-600x600.png 600w, https:\/\/vesperroyale.com\/wp-content\/uploads\/woocommerce-placeholder-1024x1024.png 1024w, https:\/\/vesperroyale.com\/wp-content\/uploads\/woocommerce-placeholder-150x150.png 150w, https:\/\/vesperroyale.com\/wp-content\/uploads\/woocommerce-placeholder-768x768.png 768w, https:\/\/vesperroyale.com\/wp-content\/uploads\/woocommerce-placeholder.png 1200w\" sizes=\"(max-width: 300px) 100vw, 300px\" \/><\/a>\t\t\t\t\t\t<\/td>\n<td data-title=\"Product\">\n\t\t\t\t\t\t<a href=\"https:\/\/vesperroyale.com\/product\/vasarlas-teszt\/\">V\u00e1s\u00e1rl\u00e1s teszt<\/a>\t\t\t\t\t\t<\/td>\n<td data-title=\"Price\">\n\t\t\t\t\t\t\t<bdi>&euro;1<\/bdi>\t\t\t\t\t\t<\/td>\n<td data-title=\"Quantity\">\n\t\t<label for=\"quantity_66ed2dd199477\">V\u00e1s\u00e1rl\u00e1s teszt quantity<\/label><br \/>\n\t<input\n\t\ttype=\"number\"\n\t\t\t\tid=\"quantity_66ed2dd199477\"\n\t\tclass=\"input-text qty text\"\n\t\tname=\"cart[ad3019b856147c17e82a5bead782d2a8][qty]\"\n\t\tvalue=\"1\"\n\t\taria-label=\"Product quantity\"\n\t\tsize=\"4\"\n\t\tmin=\"0\"\n\t\tmax=\"\"\n\t\t\t\t\tstep=\"1\"\n\t\t\tplaceholder=\"\"\n\t\t\tinputmode=\"\"\n\t\t\tautocomplete=\"off\"\n\t\t\t\/>\n\t\t\t\t\t\t<\/td>\n<td data-title=\"Subtotal\">\n\t\t\t\t\t\t\t<bdi>&euro;1<\/bdi>\t\t\t\t\t\t<\/td>\n<\/tr>\n<tr>\n<td colspan=\"6\">\n\t\t\t\t\t<button type=\"submit\" name=\"update_cart\" value=\"\"><\/button><br \/>\n\t\t\t\t\t<input type=\"hidden\" id=\"woocommerce-cart-nonce\" name=\"woocommerce-cart-nonce\" value=\"241b2b6360\" \/><input type=\"hidden\" name=\"_wp_http_referer\" value=\"\/wp-admin\/admin-ajax.php\" \/>\t\t\t\t<\/td>\n<\/tr>\n<\/tbody>\n<\/table>\n<p>\t\t\t\t\t<!--close shop table div --><br \/>\n\t\t<\/form>\n<p>\t\t\t\t\t\t<!--close column-1--><br \/>\n\t\t\t\t\t\t\t<!--open column-2--><br \/>\n\t\t\t\t\t\t\t\t\t<!--open column-inner--><br \/>\n\t\t\t\t\t\t\t\t\t\t<!--open cart-totals--><\/p>\n<h2>Cart Totals<\/h2>\n<table cellspacing=\"0\">\n<tr>\n<th>Subtotal<\/th>\n<td data-title=\"Subtotal\"><bdi>&euro;1<\/bdi><\/td>\n<\/tr>\n<tr>\n<th>Shipping<\/th>\n<td data-title=\"Shipping\">\n<ul id=\"shipping_method\">\n<li>\n\t\t\t\t\t\t<input type=\"hidden\" name=\"shipping_method[0]\" data-index=\"0\" id=\"shipping_method_0_free_shipping1\" value=\"free_shipping:1\" \/><label for=\"shipping_method_0_free_shipping1\">Free shipping<\/label>\t\t\t\t\t<\/li>\n<\/ul>\n<p>\n\t\t\t\t\tShipping options will be updated during checkout.\t\t\t\t<\/p>\n<form action=\"https:\/\/vesperroyale.com\/cart\/\" method=\"post\">\n\t<a href=\"#\">Calculate shipping<\/a><\/p>\n<section style=\"display:none;\">\n<p id=\"calc_shipping_country_field\">\n\t\t\t\t<label for=\"calc_shipping_country\">Country \/ region:<\/label><br \/>\n\t\t\t\t<select name=\"calc_shipping_country\" id=\"calc_shipping_country\" rel=\"calc_shipping_state\"><option value=\"default\">Select a country \/ region&hellip;<\/option><option value=\"AT\">Austria<\/option><option value=\"BE\">Belgium<\/option><option value=\"FR\">France<\/option><option value=\"DE\">Germany<\/option><option value=\"HU\" selected='selected'>Hungary<\/option><option value=\"IE\">Ireland<\/option><option value=\"IT\">Italy<\/option><option value=\"NL\">Netherlands<\/option><option value=\"NO\">Norway<\/option><option value=\"PT\">Portugal<\/option><option value=\"SK\">Slovakia<\/option><option value=\"SI\">Slovenia<\/option><option value=\"ES\">Spain<\/option><option value=\"CH\">Switzerland<\/option><option value=\"GB\">United Kingdom (UK)<\/option><\/select>\n\t\t\t<\/p>\n<p id=\"calc_shipping_state_field\">\n\t\t\t\t\t\t<label for=\"calc_shipping_state\">State \/ County:<\/label><br \/>\n\t\t\t\t\t\t<select name=\"calc_shipping_state\" id=\"calc_shipping_state\" data-placeholder=\"State \/ County\"><option value=\"\">Select an option&hellip;<\/option><option value=\"BK\" >B\u00e1cs-Kiskun<\/option><option value=\"BE\" >B\u00e9k\u00e9s<\/option><option value=\"BA\" >Baranya<\/option><option value=\"BZ\" >Borsod-Aba\u00faj-Zempl\u00e9n<\/option><option value=\"BU\" >Budapest<\/option><option value=\"CS\" >Csongr\u00e1d-Csan\u00e1d<\/option><option value=\"FE\" >Fej\u00e9r<\/option><option value=\"GS\" >Gy\u0151r-Moson-Sopron<\/option><option value=\"HB\" >Hajd\u00fa-Bihar<\/option><option value=\"HE\" >Heves<\/option><option value=\"JN\" >J\u00e1sz-Nagykun-Szolnok<\/option><option value=\"KE\" >Kom\u00e1rom-Esztergom<\/option><option value=\"NO\" >N\u00f3gr\u00e1d<\/option><option value=\"PE\"  selected='selected'>Pest<\/option><option value=\"SO\" >Somogy<\/option><option value=\"SZ\" >Szabolcs-Szatm\u00e1r-Bereg<\/option><option value=\"TO\" >Tolna<\/option><option value=\"VA\" >Vas<\/option><option value=\"VE\" >Veszpr\u00e9m<\/option><option value=\"ZA\" >Zala<\/option><\/select>\n\t\t\t\t\t\t\t\t<\/p>\n<p id=\"calc_shipping_city_field\">\n\t\t\t\t<label for=\"calc_shipping_city\">City:<\/label><br \/>\n\t\t\t\t<input type=\"text\" value=\"\" placeholder=\"City\" name=\"calc_shipping_city\" id=\"calc_shipping_city\" \/>\n\t\t\t<\/p>\n<p id=\"calc_shipping_postcode_field\">\n\t\t\t\t<label for=\"calc_shipping_postcode\">Postcode \/ ZIP:<\/label><br \/>\n\t\t\t\t<input type=\"text\" value=\"\" placeholder=\"Postcode \/ ZIP\" name=\"calc_shipping_postcode\" id=\"calc_shipping_postcode\" \/>\n\t\t\t<\/p>\n<p><button type=\"submit\" name=\"calc_shipping\" value=\"1\">Update<\/button><\/p>\n<p>\t\t<input type=\"hidden\" id=\"woocommerce-shipping-calculator-nonce\" name=\"woocommerce-shipping-calculator-nonce\" value=\"ef4a86f176\" \/><input type=\"hidden\" name=\"_wp_http_referer\" value=\"\/wp-admin\/admin-ajax.php\" \/>\t<\/section>\n<\/form>\n<\/td>\n<\/tr>\n<tr>\n<th>Total<\/th>\n<td data-title=\"Total\"><strong><bdi>&euro;1<\/bdi><\/strong> <\/td>\n<\/tr>\n<\/table>\n<p><a href=\"https:\/\/vesperroyale.com\/checkout\/\"><br \/>\n\tProceed to Checkout<\/a><br \/>\n\t\t\t\t\t\t\t\t<!-- A Stripe Element will be inserted here. --><br \/>\n\t\t\t\t\t\t\t\t\t<!--close cart-totals--><br \/>\n\t\t\t\t\t\t\t\t\t<!--close column-inner--><br \/>\n\t\t\t\t\t\t\t<!--close column-2--><br \/>\n\t\t\t\t\t\t<!--close container--><\/p>\n","protected":false},"excerpt":{"rendered":"<p>Remove item Thumbnail image Product Price Quantity Subtotal &times; V\u00e1s\u00e1rl\u00e1s teszt &euro;1 V\u00e1s\u00e1rl\u00e1s teszt quantity &euro;1 Cart Totals Subtotal &euro;1 Shipping Free shipping Shipping options will be updated during checkout. Calculate shipping Country \/ region: Select a country \/ region&hellip;AustriaBelgiumFranceGermanyHungaryIrelandItalyNetherlandsNorwayPortugalSlovakiaSloveniaSpainSwitzerlandUnited Kingdom (UK) State \/ County: Select an option&hellip;B\u00e1cs-KiskunB\u00e9k\u00e9sBaranyaBorsod-Aba\u00faj-Zempl\u00e9nBudapestCsongr\u00e1d-Csan\u00e1dFej\u00e9rGy\u0151r-Moson-SopronHajd\u00fa-BiharHevesJ\u00e1sz-Nagykun-SzolnokKom\u00e1rom-EsztergomN\u00f3gr\u00e1dPestSomogySzabolcs-Szatm\u00e1r-BeregTolnaVasVeszpr\u00e9mZala City: Postcode \/ ZIP: Update Total &euro;1 [&hellip;]<\/p>\n","protected":false},"author":1,"featured_media":0,"parent":0,"menu_order":0,"comment_status":"closed","ping_status":"closed","template":"","meta":{"footnotes":""},"class_list":["post-1603","page","type-page","status-publish","hentry"],"_links":{"self":[{"href":"https:\/\/vesperroyale.com\/en\/wp-json\/wp\/v2\/pages\/1603","targetHints":{"allow":["GET"]}}],"collection":[{"href":"https:\/\/vesperroyale.com\/en\/wp-json\/wp\/v2\/pages"}],"about":[{"href":"https:\/\/vesperroyale.com\/en\/wp-json\/wp\/v2\/types\/page"}],"author":[{"embeddable":true,"href":"https:\/\/vesperroyale.com\/en\/wp-json\/wp\/v2\/users\/1"}],"replies":[{"embeddable":true,"href":"https:\/\/vesperroyale.com\/en\/wp-json\/wp\/v2\/comments?post=1603"}],"version-history":[{"count":1,"href":"https:\/\/vesperroyale.com\/en\/wp-json\/wp\/v2\/pages\/1603\/revisions"}],"predecessor-version":[{"id":1604,"href":"https:\/\/vesperroyale.com\/en\/wp-json\/wp\/v2\/pages\/1603\/revisions\/1604"}],"wp:attachment":[{"href":"https:\/\/vesperroyale.com\/en\/wp-json\/wp\/v2\/media?parent=1603"}],"curies":[{"name":"wp","href":"https:\/\/api.w.org\/{rel}","templated":true}]}}